{"id":18670,"date":"2021-12-10T09:41:30","date_gmt":"2021-12-10T08:41:30","guid":{"rendered":"https:\/\/www.mueller-grossmann.at\/?post_type=product&#038;p=18670"},"modified":"2025-09-10T10:44:35","modified_gmt":"2025-09-10T08:44:35","slug":"riesling-ried-steinbuehel-2020","status":"publish","type":"product","link":"https:\/\/www.mueller-grossmann.at\/en\/shop\/produkt\/weintypen\/lagenweine\/riesling-ried-steinbuehel-2020\/","title":{"rendered":"Riesling Ried Steinb\u00fchel 1\u00d6TW Erste Lage 2023"},"content":{"rendered":"<p>Der karge Urgesteinsboden pr\u00e4gt die Lage \u201eSteinb\u00fchel\u201c und ist der typische Boden f\u00fcr exklusiven Riesling.<\/p>\n<p>Lese selektiv per Hand, Verg\u00e4rung im Granitsteinfass unter kontrollierter Temperatur bis zum nat\u00fcrlichen G\u00e4rstillstand. Lagerung auf der Vollhefe zum Teil im gebrauchten Holz, zum Teil im Edelstahltank.<\/p>\n<p>Steinobstnoten, k\u00f6rperreich, dicht und straffe Struktur, frucht-pr\u00e4ziser Abgang, langer Nachhall.<\/p>\n","protected":false},"excerpt":{"rendered":"<p>Der karge Urgesteinsboden pr\u00e4gt die Lage \u201eSteinb\u00fchel\u201c und ist der typische Boden f\u00fcr exklusiven Riesling. Lese selektiv per Hand, Verg\u00e4rung im Granitsteinfass unter kontrollierter Temperatur bis zum nat\u00fcrlichen G\u00e4rstillstand. Lagerung auf der Vollhefe zum Teil im gebrauchten Holz, zum Teil im Edelstahltank. Steinobstnoten, k\u00f6rperreich, dicht und straffe Struktur, frucht-pr\u00e4ziser Abgang, langer Nachhall.<\/p>\n","protected":false},"featured_media":40033,"comment_status":"closed","ping_status":"closed","template":"","meta":{"_acf_changed":false,"_seopress_robots_primary_cat":"51","_seopress_titles_title":"","_seopress_titles_desc":"","_seopress_robots_index":""},"product_brand":[],"product_cat":[66,51],"product_tag":[],"class_list":{"0":"post-18670","1":"product","2":"type-product","3":"status-publish","4":"has-post-thumbnail","6":"product_cat-riesling","7":"product_cat-lagenweine","9":"first","10":"instock","11":"taxable","12":"shipping-taxable","13":"purchasable","14":"product-type-simple"},"acf":[],"_links":{"self":[{"href":"https:\/\/www.mueller-grossmann.at\/en\/wp-json\/wp\/v2\/product\/18670","targetHints":{"allow":["GET"]}}],"collection":[{"href":"https:\/\/www.mueller-grossmann.at\/en\/wp-json\/wp\/v2\/product"}],"about":[{"href":"https:\/\/www.mueller-grossmann.at\/en\/wp-json\/wp\/v2\/types\/product"}],"replies":[{"embeddable":true,"href":"https:\/\/www.mueller-grossmann.at\/en\/wp-json\/wp\/v2\/comments?post=18670"}],"wp:featuredmedia":[{"embeddable":true,"href":"https:\/\/www.mueller-grossmann.at\/en\/wp-json\/wp\/v2\/media\/40033"}],"wp:attachment":[{"href":"https:\/\/www.mueller-grossmann.at\/en\/wp-json\/wp\/v2\/media?parent=18670"}],"wp:term":[{"taxonomy":"product_brand","embeddable":true,"href":"https:\/\/www.mueller-grossmann.at\/en\/wp-json\/wp\/v2\/product_brand?post=18670"},{"taxonomy":"product_cat","embeddable":true,"href":"https:\/\/www.mueller-grossmann.at\/en\/wp-json\/wp\/v2\/product_cat?post=18670"},{"taxonomy":"product_tag","embeddable":true,"href":"https:\/\/www.mueller-grossmann.at\/en\/wp-json\/wp\/v2\/product_tag?post=18670"}],"curies":[{"name":"wp","href":"https:\/\/api.w.org\/{rel}","templated":true}]}}